{"id":5741,"date":"2014-05-08T11:26:43","date_gmt":"2014-05-08T10:26:43","guid":{"rendered":"https:\/\/www.viajares.es\/version2\/?page_id=5741"},"modified":"2018-10-14T18:48:10","modified_gmt":"2018-10-14T16:48:10","slug":"viajes-con-ninos-por-tarragona","status":"publish","type":"page","link":"https:\/\/www.viajares.es\/version2\/viajes-cataluna-con-ninos\/viajes-con-ninos-por-tarragona\/","title":{"rendered":"Viajes con ni\u00f1os por Tarragona"},"content":{"rendered":"<p>En la provincia de <strong>Tarragona<\/strong> se pueden encontrar grandes emociones y lugares espl\u00e9ndidos para pasar unas <a title=\"Vacaciones con ni\u00f1os en Catalu\u00f1a\" href=\"https:\/\/www.viajares.es\/version2\/viajes-con-ninos-turismo-familiar-cataluna\/\">vacaciones en familia<\/a> o realizar una escapada de fin de semana con los peques. La misma <strong>ciudad de Tarragona<\/strong> atesora unos restos arqueol\u00f3gicos romanos impresionantes que vale la pena conocer y recorrer con calma. Un buen ejemplo de ello es el anfiteatro, con su fant\u00e1stico emplazamiento a tocar del mar Mediterr\u00e1neo o las antiguas murallas. Pero si nos movemos por la provincia encontraremos m\u00e1s al sur un lugar maravilloso del que seguro que ya has o\u00eddo hablar, el <strong>Delta del Ebro<\/strong>. El tramo final del r\u00edo y su entorno de campos de arroz, playas y espacios naturales protegidos es un destino familiar perfecto, y un regalo para tus ojos.<\/p>\n<p><a href=\"https:\/\/www.viajares.es\/version2\/viajes-cataluna-con-ninos\/viajes-con-ninos-por-tarragona\/destinos-turismo-familiar-costa-daurada-playas-blog-viajares\/\" rel=\"attachment wp-att-12678\"><img loading=\"lazy\" class=\"alignnone size-full wp-image-12678\" src=\"https:\/\/www.viajares.es\/version2\/wp-content\/uploads\/2014\/05\/destinos-turismo-familiar-costa-daurada-playas-blog-viajares.jpg\" alt=\"\" width=\"1200\" height=\"301\" srcset=\"https:\/\/www.viajares.es\/version2\/wp-content\/uploads\/2014\/05\/destinos-turismo-familiar-costa-daurada-playas-blog-viajares.jpg 1200w, https:\/\/www.viajares.es\/version2\/wp-content\/uploads\/2014\/05\/destinos-turismo-familiar-costa-daurada-playas-blog-viajares-300x75.jpg 300w, https:\/\/www.viajares.es\/version2\/wp-content\/uploads\/2014\/05\/destinos-turismo-familiar-costa-daurada-playas-blog-viajares-768x193.jpg 768w, https:\/\/www.viajares.es\/version2\/wp-content\/uploads\/2014\/05\/destinos-turismo-familiar-costa-daurada-playas-blog-viajares-1024x257.jpg 1024w\" sizes=\"(max-width: 1200px) 100vw, 1200px\" \/><\/a><\/p>\n<p>Otra zona muy recomendable y de la que he publicado varios art\u00edculos es la comarca del <strong>Priorat<\/strong>. Una aut\u00e9ntica joya para los amantes del vino, las zonas poco concurridas y bien preservadas para pasar unos d\u00edas. Ideal para paladear un buen vino y escuchar el silencio.<\/p>\n<p>En Tarragona podr\u00e1s encontrar dos marcas tur\u00edsticas, las conocidas<a title=\"Costa Daurada, Catalu\u00f1a\" href=\"https:\/\/www.viajares.es\/version2\/tag\/costa-daurada\/\"><strong> Costa Daurada<\/strong><\/a> y <a title=\"Terres de l'Ebre, Catalu\u00f1a\" href=\"https:\/\/www.viajares.es\/version2\/tag\/terres-de-lebre\/\"><strong>Terres de l&#8217;Ebre<\/strong><\/a>, que suman varias poblaciones con el sello de Destino de Turismo Familiar DTF que certifican que son perfectas para ir con la prole.<\/p>\n<h2>Turismo en Tarragona. Qu\u00e9 ver y qu\u00e9 hacer en la ciudad y provincia<\/h2>\n<p>Algunas recomendaciones para hacer planes de turismo ya sea en la misma ciudad o explorando otros sitios de la provincia. A continuaci\u00f3n enumero varios art\u00edculos que pueden ser de tu inter\u00e9s y que puedes encontrar aqu\u00ed en el blog.<\/p>\n<p><a href=\"https:\/\/www.viajares.es\/version2\/wp-content\/uploads\/2014\/05\/viajes-con-ninos-playas-tarragona.png\"><img loading=\"lazy\" class=\"alignnone wp-image-6269 size-full\" title=\"Viajes con ni\u00f1os Tarragona -Playas\" src=\"https:\/\/www.viajares.es\/version2\/wp-content\/uploads\/2014\/05\/viajes-con-ninos-playas-tarragona.png\" alt=\"Viajes con ni\u00f1os Tarragona -Playas\" width=\"600\" height=\"150\" srcset=\"https:\/\/www.viajares.es\/version2\/wp-content\/uploads\/2014\/05\/viajes-con-ninos-playas-tarragona.png 600w, https:\/\/www.viajares.es\/version2\/wp-content\/uploads\/2014\/05\/viajes-con-ninos-playas-tarragona-300x75.png 300w\" sizes=\"(max-width: 600px) 100vw, 600px\" \/><\/a><\/p>\n<h3>Ciudad de Tarragona<\/h3>\n<ul>\n<li><a title=\"La mu\u00f1eca de marfil de Tarragona\" href=\"https:\/\/www.viajares.es\/version2\/muneca-marfil-necropolis-paleocristiana-tarragona-romana\/\">La mu\u00f1eca de marfil de la Necr\u00f3polis Paleocristiana<\/a><\/li>\n<li><a title=\"PLayas de Tarragona en la Costa Daurada\" href=\"https:\/\/www.viajares.es\/version2\/playas-de-tarragona-en-la-costa-daurada\/\">Playas a tocar de la ciudad de Tarragona<\/a><\/li>\n<\/ul>\n<h2>Qu\u00e9 ver en la Costa Daurada con ni\u00f1os<\/h2>\n<ul>\n<li><a href=\"https:\/\/www.viajares.es\/version2\/salou-turismo-familiar-en-la-costa-daurada\/\" target=\"_blank\" rel=\"noopener noreferrer\">Salou con ni\u00f1os, destino ideal en la <strong>Costa Daurada<\/strong><\/a><\/li>\n<li><a href=\"https:\/\/www.viajares.es\/version2\/costa-daurada-que-ver-y-que-hacer-en-el-vendrell\/\" target=\"_blank\" rel=\"noopener\">Qu\u00e9 ver y hacer con ni\u00f1os en El Vendrell<\/a><\/li>\n<li><a href=\"https:\/\/www.viajares.es\/version2\/costa-daurada-lumine-beach-club-de-salou\/\" target=\"_blank\" rel=\"noopener noreferrer\">Lumine Beach Club de Salou<\/a><\/li>\n<li><a href=\"https:\/\/www.viajares.es\/version2\/viaje-familiar-por-la-costa-daurada-hospitalet-del-linfant-y-vandellos\/\" target=\"_blank\" rel=\"noopener noreferrer\">Costa Daurada &#8211; Viaje familiar a L&#8217;Hospitalet de l&#8217;Infant<\/a><\/li>\n<li><a href=\"https:\/\/www.viajares.es\/version2\/parque-tematico-atracciones-portaventura\/\" target=\"_blank\" rel=\"noopener noreferrer\">PortAventura World, el gran parque tem\u00e1tico catal\u00e1n<\/a><\/li>\n<li><a href=\"https:\/\/www.viajares.es\/version2\/costa-daurada-parque-aquopolis-y-aquum-spa-wellness-vilaseca-la-pineda\/\" target=\"_blank\" rel=\"noopener noreferrer\">Parque acu\u00e1tico Aquopolis Costa Daurada y relax en Aquum, La Pineda<\/a><\/li>\n<li><a href=\"https:\/\/www.viajares.es\/version2\/costa-daurada-actividades-nauticas-ocio-paddle\/\" target=\"_blank\" rel=\"noopener noreferrer\">Ocio n\u00e1utico en las playas de Hospitalet de l&#8217;Infant<\/a><\/li>\n<li><a href=\"https:\/\/www.viajares.es\/version2\/costa-daurada-con-ninos-excursion-ermita-mare-deu-roca-y-sant-ramon\/\" target=\"_blank\" rel=\"noopener noreferrer\">Excursi\u00f3n a la Ermita de la Mare de D\u00e9u de la Roca y Sant Ram\u00f3n<\/a><\/li>\n<li><a href=\"https:\/\/www.viajares.es\/version2\/campings-en-la-costa-daurada-para-ir-con-ninos\/\" target=\"_blank\" rel=\"noopener noreferrer\">Campings en la Costa Daurada para ir en familia<\/a><\/li>\n<li><a href=\"https:\/\/www.viajares.es\/version2\/costa-daurada-con-ninos-que-ver-viaje-familiar-mont-roig-del-camp-y-miami-platja\/\" target=\"_blank\" rel=\"noopener noreferrer\">Qu\u00e9 ver y hacer con ni\u00f1os en Mont-roig del Camp, Tarragona<\/a><\/li>\n<li><a href=\"https:\/\/www.viajares.es\/version2\/mont-roig-del-camp-vida-obra-artista-joan-miro\/\" target=\"_blank\" rel=\"noopener noreferrer\">Mont-roig del Camp y la conexi\u00f3n con la obra de Joan Mir\u00f3<\/a><\/li>\n<li><a href=\"https:\/\/www.viajares.es\/version2\/costa-daurada-visita-castillo-calafell\/\" target=\"_blank\" rel=\"noopener noreferrer\">Visita con ni\u00f1os al Castillo de la Santa Creu de Calafell<\/a><\/li>\n<li><a href=\"https:\/\/www.viajares.es\/version2\/concurso-prades-gossos-d-atura-perros-pastores\/\" target=\"_blank\" rel=\"noopener noreferrer\">Concurso de Perros Pastores en la localidad de Prades<\/a><\/li>\n<li><a href=\"https:\/\/www.viajares.es\/version2\/alojamiento-familiar-costa-daurada-pierre-et-vacances-village-club-bonavista-bonmont\/\">Alojamiento familiar en la Costa Daurada \u2013 Pierre &amp; Vacances Village Club Bonavista de Bonmont<\/a><\/li>\n<li><a href=\"https:\/\/www.viajares.es\/version2\/viajar-costa-daurada-hotel-ninos\/\" target=\"_blank\" rel=\"noopener\"><strong>Hoteles para ir con ni\u00f1os en la Costa Daurada<\/strong><\/a><\/li>\n<\/ul>\n<h2>Qu\u00e9 ver en Terres de l&#8217;Ebre<\/h2>\n<h3>Turismo en el Delta del Ebro con ni\u00f1os<\/h3>\n<p>El<a href=\"https:\/\/www.viajares.es\/version2\/tag\/delta-del-ebro\/\" target=\"_blank\" rel=\"noopener noreferrer\"> Delta del Ebro<\/a> es uno de los enclaves m\u00e1s singulares de la Pen\u00ednsula Ib\u00e9rica. En esta zona de humedales donde se encuentra el r\u00edo Ebro con el mar <a href=\"https:\/\/www.viajares.es\/version2\/tag\/mediterraneo\/\" target=\"_blank\" rel=\"noopener noreferrer\">Mediterr\u00e1neo<\/a> se suceden los atractivos de todo tipo. Pueden ser relativos al paisaje, naturaleza, gastronom\u00eda, deportivos o culturales. Merece la pena viajar al Delta del Ebro con peques y que conozcan esta zona tan especial.<\/p>\n<p><a href=\"https:\/\/www.viajares.es\/version2\/wp-content\/uploads\/2014\/05\/viajares-viajes-con-ninos-tarragona.jpg\"><img loading=\"lazy\" class=\"alignnone wp-image-5875 size-full\" src=\"https:\/\/www.viajares.es\/version2\/wp-content\/uploads\/2014\/05\/viajares-viajes-con-ninos-tarragona.jpg\" alt=\"viajes con ni\u00f1os Tarragona\" width=\"600\" height=\"150\" srcset=\"https:\/\/www.viajares.es\/version2\/wp-content\/uploads\/2014\/05\/viajares-viajes-con-ninos-tarragona.jpg 600w, https:\/\/www.viajares.es\/version2\/wp-content\/uploads\/2014\/05\/viajares-viajes-con-ninos-tarragona-300x75.jpg 300w\" sizes=\"(max-width: 600px) 100vw, 600px\" \/><\/a><\/p>\n<ul>\n<li><strong><a href=\"https:\/\/www.viajares.es\/version2\/que-hacer-que-ver-en-el-delta-del-ebro\/\" target=\"_blank\" rel=\"noopener\">20 planes familiares para descubrir el Delta del Ebro<\/a><\/strong><\/li>\n<li><a title=\"Pesca en Sant Carles de la R\u00e0pita\" href=\"https:\/\/www.viajares.es\/version2\/pescadores-delta-del-ebro-sant-carles-rapita-turismo\/\">Aprendiendo a pescar de manera tradicional en la Bah\u00eda de los Alfaques<\/a><\/li>\n<li><a href=\"https:\/\/www.viajares.es\/version2\/delta-del-ebro-musclarium-mejillones-ostras\/\" target=\"_blank\" rel=\"noopener\">Musclarium. Cata de productos y gastronom\u00eda en medio de la Bad\u00eda dels Alfacs<\/a><\/li>\n<li><a href=\"https:\/\/www.viajares.es\/version2\/xiringuito-de-la-costa-en-sant-carles-de-la-rapita\/\" target=\"_blank\" rel=\"noopener\">Comer rodeados de mar en el Xiriguito de la Costa<\/a><\/li>\n<li><a href=\"https:\/\/www.viajares.es\/version2\/delta-del-ebro-excursion-la-foradada\/\" target=\"_blank\" rel=\"noopener\">La roca Foradada, ruta hasta un mirador excepcional del Delta del Ebro<\/a><\/li>\n<li><a title=\"Preservar la biodiversidad del Delta del Ebro\" href=\"https:\/\/www.viajares.es\/version2\/preservar-biodiversidad-delta-del-ebro-terres-ebre\/\">Preservar la naturaleza de la Reserva de la Biosfera<\/a><\/li>\n<li><a title=\"Una mirada a\u00e9rea sobre el Delta del Ebro\" href=\"https:\/\/www.viajares.es\/version2\/el-delta-del-ebro-a-vista-de-pajaro\/\">El Delta del Ebro a vista de p\u00e1jaro<\/a><\/li>\n<li><a title=\"Gastronom\u00eda t\u00edpica del Delta del Ebro\" href=\"https:\/\/www.viajares.es\/version2\/jornadas-gastronomicas-de-la-galera-en-el-delta-del-ebro\/\">Gastronom\u00eda del Delta del Ebro<\/a><\/li>\n<li><a title=\"Pescadores en el puerto de La R\u00e0pita\" href=\"https:\/\/www.viajares.es\/version2\/el-show-de-las-barcas-de-pesca-al-llegar-al-puerto-de-sant-carles-de-la-rapita\/\">La llegada de las barcas de pesca al puerto de Sant Carles de la R\u00e0pita<\/a><\/li>\n<li><a title=\"Moleta del Remei, poblado ib\u00e9rico\" href=\"https:\/\/www.viajares.es\/version2\/visita-familiar-al-poblado-iberico-de-la-moleta-del-remei-en-alcanar\/\" target=\"_blank\" rel=\"noopener noreferrer\">Visita familiar al poblado ib\u00e9rico de La Moleta del Remei, en Alcanar<\/a><\/li>\n<li><a href=\"https:\/\/www.viajares.es\/version2\/sol-de-riu-frontera-entre-castellon-y-tarragona\/\" target=\"_blank\" rel=\"noopener noreferrer\">El espl\u00e9ndido final del r\u00edo S\u00e9nia entre Tarragona y Castell\u00f3n<\/a><\/li>\n<li><a href=\"https:\/\/www.viajares.es\/version2\/un-dia-de-vacaciones-con-ninos-perfecto-en-la-playa-terres-ebre\/\" target=\"_blank\" rel=\"noopener noreferrer\">Playas de Cap Roig, Santa Ll\u00facia y Morro de Gos<\/a><\/li>\n<li><a href=\"https:\/\/www.viajares.es\/version2\/delta-del-ebro-trabucador\/\" target=\"_blank\" rel=\"noopener noreferrer\">Delta del Ebro y playas de la Barra del Trabucador<\/a><\/li>\n<\/ul>\n<h3>Qu\u00e9 ver en el interior de\u00a0Terres de l&#8217;Ebre<\/h3>\n<ul>\n<li><a href=\"https:\/\/www.viajares.es\/version2\/que-ver-hacer-els-ports\/\" target=\"_blank\" rel=\"noopener\">Qu\u00e9 ver y qu\u00e9 hacer en familia en Els Ports<\/a><\/li>\n<li><a href=\"https:\/\/www.viajares.es\/version2\/parque-natural-els-ports-area-recreativa-la-franqueta\/\" target=\"_blank\" rel=\"noopener\">Parque Natural <strong>Els Ports<\/strong> y la zona recreativa de La Franqueta<\/a><\/li>\n<li><a href=\"https:\/\/www.viajares.es\/version2\/pablo-picasso-horta-de-sant-joan\/\">El Paisaje de los Genios \u2013 Horta de Sant Joan y la huella de Pablo Picasso<\/a><\/li>\n<li><a href=\"https:\/\/www.viajares.es\/version2\/cicloturismo-via-verde-de-la-terra-alta\/\">Cicloturismo por la <strong>V\u00eda Verde<\/strong> de la Terra Alta en familia<\/a><\/li>\n<li><a href=\"https:\/\/www.viajares.es\/version2\/excursion-pantano-ulldecona-con-ninos-turismo-familiar\/\" target=\"_blank\" rel=\"noopener\">Excursi\u00f3n al Pantano de Ulldecona con ni\u00f1os<\/a><\/li>\n<\/ul>\n<h3>Enoturismo y paisajes en el Priorat<\/h3>\n<p>Los amantes del vino o mejor dicho, del <strong>enoturismo<\/strong>, de la tranquilidad y el silencio, los paisajes en equilibrio y aquellos que buscan lugares aut\u00e9nticos lo pueden encontrar en el <a href=\"https:\/\/www.viajares.es\/version2\/tag\/priorat\/\" target=\"_blank\" rel=\"noopener noreferrer\">Priorat<\/a>. Esta zona que pertenece a <a href=\"https:\/\/www.viajares.es\/version2\/tag\/costa-daurada\/\" target=\"_blank\" rel=\"noopener noreferrer\">Costa Daurada<\/a>\u00a0est\u00e1 llena de atractivos que encajan a la perfecci\u00f3n con el llamado <a href=\"https:\/\/www.viajares.es\/version2\/tag\/turismo-familiar\/\" target=\"_blank\" rel=\"noopener noreferrer\">turismo familiar<\/a>.<\/p>\n<p><a href=\"https:\/\/www.viajares.es\/version2\/wp-content\/uploads\/2014\/05\/viajares-viajes-con-ninos-tarragona-siurana.jpg\"><img loading=\"lazy\" class=\"alignnone wp-image-5877 size-full\" title=\"Viajes con ni\u00f1os - Siurana\" src=\"https:\/\/www.viajares.es\/version2\/wp-content\/uploads\/2014\/05\/viajares-viajes-con-ninos-tarragona-siurana.jpg\" alt=\"Viajes con ni\u00f1os - Siurana\" width=\"600\" height=\"150\" srcset=\"https:\/\/www.viajares.es\/version2\/wp-content\/uploads\/2014\/05\/viajares-viajes-con-ninos-tarragona-siurana.jpg 600w, https:\/\/www.viajares.es\/version2\/wp-content\/uploads\/2014\/05\/viajares-viajes-con-ninos-tarragona-siurana-300x75.jpg 300w\" sizes=\"(max-width: 600px) 100vw, 600px\" \/><\/a><\/p>\n<ul>\n<li><a title=\"Visitar Scala Dei con ni\u00f1os\" href=\"https:\/\/www.viajares.es\/version2\/visita-familia-cartuja-de-scaladei-priorat\/\">Visitar a la Cartuja de Scala Dei en familia<\/a><\/li>\n<li><a title=\"Enoturismo en el Priorat\" href=\"https:\/\/www.viajares.es\/version2\/2enoturismo-y-un-desayuno-de-tenedor-en-el-priorat\/\">Hablando de Enoturismo en el Priorat<\/a><\/li>\n<li><a title=\"Enoturismo en el Hotel Hostal Sport\" href=\"https:\/\/www.viajares.es\/version2\/hostal-sport-enologia-vino-relax-turismo-el-priorat\/\">Relax en el Hotel Hostal Sport de Falset<\/a><\/li>\n<li><a title=\"Atardecer m\u00e1gico en Siurana\" href=\"https:\/\/www.viajares.es\/version2\/atardecer-magico-leyenda-siurana-priorat\/\">La leyenda de Siurana y un atardecer de cuento<\/a><\/li>\n<li><a title=\"Museo de las minas de Bellmunt del Priorat\" href=\"https:\/\/www.viajares.es\/version2\/40-metros-bajo-tierra-bellmunt-del-priorat-minas-plomo\/\">Visitar las minas de Bellmunt del Priorat 40 metros bajo tierra<\/a><\/li>\n<li><a title=\"Celler Capafons-Oss\u00f3\" href=\"https:\/\/www.viajares.es\/version2\/visita-a-la-bodega-capafons-osso-en-el-priorat\/\">Los excelentes vino de la bodega Capafons-Oss\u00f3<\/a><\/li>\n<li><a title=\"Visita al Pantano de Siurana\" href=\"https:\/\/www.viajares.es\/version2\/excursion-con-ninos-al-pantano-de-siurana\/\" target=\"_blank\" rel=\"noopener noreferrer\">Excursi\u00f3n al Pantano de Siurana en familia<\/a><\/li>\n<li><a href=\"https:\/\/www.viajares.es\/version2\/excursion-ninos-roca-corbatera-serra-montsant-tarragona\/\" target=\"_blank\" rel=\"noopener noreferrer\">Excursi\u00f3n a la cima de la Serra de Montsant, la Roca Corbatera<\/a><\/li>\n<li><a href=\"https:\/\/www.viajares.es\/version2\/excursion-con-los-ninos-cadolles-fonde-rio-montsant-priorat\/\" target=\"_blank\" rel=\"noopener noreferrer\">Cadolles fondes\u00a0&#8211; Ba\u00f1arse en las puras aguas del r\u00edo Montsant<\/a><\/li>\n<li><a href=\"https:\/\/www.viajares.es\/version2\/albarca-un-pequeno-pueblo-en-la-sierra-de-montsant\/\">Albarca, un pueblo diminuto en las faldas del Montsant<\/a><\/li>\n<li><a href=\"https:\/\/www.viajares.es\/version2\/priorat-excursion-al-pantano-de-margalef\/\" target=\"_blank\" rel=\"noopener\">Un pantano rodeado de exhuberante naturaleza en Margalef<\/a><\/li>\n<\/ul>\n<h3>Reus, la ciudad natal de Antoni Gaud\u00ed<\/h3>\n<p>La ciudad de Reus, siempre en competencia con su hermana mayor, Tarragona, es la ciudad natal del genial Antoni Gaud\u00ed, lo que justifica plenamente un viaje. El Gaud\u00ed Center, en la plaza principal de la ciudad, es un museo espectacular dedicado al genio del arquitecto catal\u00e1n, referencia mundial del <strong><a href=\"https:\/\/www.viajares.es\/version2\/tag\/modernismo\/\" target=\"_blank\" rel=\"noopener noreferrer\">modernismo<\/a><\/strong>.<\/p>\n<ul>\n<li><a title=\"Genialidad gaudiniana y enolog\u00eda en Reus\" href=\"https:\/\/www.viajares.es\/version2\/enologia-genio-creativo-reus-reusviuelvi\/\">Enolog\u00eda y creatividad genial en Reus<\/a><\/li>\n<\/ul>\n<h3>Monasterio de Poblet en plan familiar<\/h3>\n<p>En la comarca de la Conca de Barber\u00e0, a pocos kil\u00f3metros de Tarragona, encontramos el Real Monasterio de Santa Maria de Poblet, una aut\u00e9ntica joya cistercense. Os recomiendo una visita sin dudarlo ni un momento, y aprovechar para realizar excursiones por los alrededores.<\/p>\n<ul>\n<li><a title=\"Fin de semana con ni\u00f1os en Poblet, Tarragona\" href=\"https:\/\/www.viajares.es\/version2\/fin-de-semana-con-ninos-villa-engracia-turismo-familia\/\">Visita al Monasterio de Poblet en un fin de semana familiar<\/a><\/li>\n<li><a title=\"Excursiones para toda la familia cerca del Monasterio de Poblet\" href=\"https:\/\/www.viajares.es\/version2\/excursiones-familia-cerca-monasterio-poblet-tarragona\/\">Excursiones con ni\u00f1os cerca del Monasterio de Poblet<\/a><\/li>\n<\/ul>\n<p>No te pierdas\u00a0los\u00a0pr\u00f3ximos art\u00edculos de Viajares.es,\u00a0<strong><a title=\"Recibir news de Viajares.es\" href=\"http:\/\/eepurl.com\/VGHw5\" target=\"_blank\" rel=\"noopener noreferrer\">suscr\u00edbete ahora al blog<\/a><\/strong>.\u00a0Te invito tambi\u00e9n a la <a title=\"Fanpage de Viajares.es en Facebook\" href=\"https:\/\/www.facebook.com\/viajares.es\/\" target=\"_blank\" rel=\"noopener noreferrer\"><strong>p\u00e1gina de Facebook de Viajares<\/strong><\/a> para seguir conversando sobre viajes con ni\u00f1os y los mejores destinos para ir en familia. Tambi\u00e9n nos podemos encontrar en <strong><a title=\"Viajares.es en Instagram\" href=\"http:\/\/instagram.com\/viajares\">Instagram<\/a><\/strong>\u00a0o en <a title=\"Sigue Viajares.es en Twitter\" href=\"https:\/\/twitter.com\/viajares\"><strong>Twitter<\/strong><\/a>\u00a0si prefieres.<\/p>\n","protected":false},"excerpt":{"rendered":"<p>En la provincia de Tarragona se pueden encontrar grandes emociones y lugares espl\u00e9ndidos para pasar unas vacaciones en familia o realizar una escapada de fin de semana con los peques. La misma ciudad de Tarragona atesora unos restos arqueol\u00f3gicos romanos impresionantes que vale la pena conocer y recorrer con calma. Un buen ejemplo de ello [&hellip;]<\/p>\n","protected":false},"author":1,"featured_media":4332,"parent":5712,"menu_order":0,"comment_status":"open","ping_status":"open","template":"","meta":{"spay_email":""},"jetpack_shortlink":"https:\/\/wp.me\/PQ2yt-1uB","_links":{"self":[{"href":"https:\/\/www.viajares.es\/version2\/wp-json\/wp\/v2\/pages\/5741"}],"collection":[{"href":"https:\/\/www.viajares.es\/version2\/wp-json\/wp\/v2\/pages"}],"about":[{"href":"https:\/\/www.viajares.es\/version2\/wp-json\/wp\/v2\/types\/page"}],"author":[{"embeddable":true,"href":"https:\/\/www.viajares.es\/version2\/wp-json\/wp\/v2\/users\/1"}],"replies":[{"embeddable":true,"href":"https:\/\/www.viajares.es\/version2\/wp-json\/wp\/v2\/comments?post=5741"}],"version-history":[{"count":7,"href":"https:\/\/www.viajares.es\/version2\/wp-json\/wp\/v2\/pages\/5741\/revisions"}],"predecessor-version":[{"id":15163,"href":"https:\/\/www.viajares.es\/version2\/wp-json\/wp\/v2\/pages\/5741\/revisions\/15163"}],"up":[{"embeddable":true,"href":"https:\/\/www.viajares.es\/version2\/wp-json\/wp\/v2\/pages\/5712"}],"wp:featuredmedia":[{"embeddable":true,"href":"https:\/\/www.viajares.es\/version2\/wp-json\/wp\/v2\/media\/4332"}],"wp:attachment":[{"href":"https:\/\/www.viajares.es\/version2\/wp-json\/wp\/v2\/media?parent=5741"}],"curies":[{"name":"wp","href":"https:\/\/api.w.org\/{rel}","templated":true}]}}